{"id":2156,"date":"2020-10-01T15:01:36","date_gmt":"2020-10-01T19:01:36","guid":{"rendered":"https:\/\/about-sxm.com\/listings-list-with-map\/"},"modified":"2020-10-01T15:01:36","modified_gmt":"2020-10-01T19:01:36","slug":"listings-list-with-map","status":"publish","type":"page","link":"https:\/\/about-sxm.com\/en\/listings-list-with-map\/","title":{"rendered":"Listings &#8211; List With Map"},"content":{"rendered":"","protected":false},"excerpt":{"rendered":"","protected":false},"author":1,"featured_media":0,"parent":0,"menu_order":0,"comment_status":"closed","ping_status":"closed","template":"page-listing.php","meta":{"footnotes":""},"class_list":["post-2156","page","type-page","status-publish","hentry"],"yoast_head":"<!-- This site is optimized with the Yoast SEO plugin v27.3 - https:\/\/yoast.com\/product\/yoast-seo-wordpress\/ -->\n<title>List of Establishments in Saint-Martin | Interactive Map About SXM<\/title>\n<meta name=\"description\" content=\"Find the best establishments in St. Martin with our list and interactive map on About SXM. Easily explore attractions, restaurants, hotels and more for a memorable stay.\" \/>\n<meta name=\"robots\" content=\"index, follow, max-snippet:-1, max-image-preview:large, max-video-preview:-1\" \/>\n<link rel=\"canonical\" href=\"https:\/\/about-sxm.com\/en\/listings-list-with-map\/\" \/>\n<meta property=\"og:locale\" content=\"en_US\" \/>\n<meta property=\"og:type\" content=\"article\" \/>\n<meta property=\"og:title\" content=\"List of Establishments in Saint-Martin | Interactive Map About SXM\" \/>\n<meta property=\"og:description\" content=\"Find the best establishments in St. Martin with our list and interactive map on About SXM. Easily explore attractions, restaurants, hotels and more for a memorable stay.\" \/>\n<meta property=\"og:url\" content=\"https:\/\/about-sxm.com\/en\/listings-list-with-map\/\" \/>\n<meta property=\"og:site_name\" content=\"About SXM\" \/>\n<meta property=\"article:publisher\" content=\"https:\/\/www.facebook.com\/about.sxm\/\" \/>\n<meta property=\"og:image\" content=\"https:\/\/about-sxm.com\/wp-content\/uploads\/2020\/09\/logo.png\" \/>\n\t<meta property=\"og:image:width\" content=\"291\" \/>\n\t<meta property=\"og:image:height\" content=\"86\" \/>\n\t<meta property=\"og:image:type\" content=\"image\/png\" \/>\n<meta name=\"twitter:card\" content=\"summary_large_image\" \/>\n<meta name=\"twitter:title\" content=\"List of Establishments in Saint-Martin | Interactive Map About SXM\" \/>\n<meta name=\"twitter:description\" content=\"Find the best establishments in St. Martin with our list and interactive map on About SXM. Easily explore attractions, restaurants, hotels and more for a memorable stay.\" \/>\n<script type=\"application\/ld+json\" class=\"yoast-schema-graph\">{\"@context\":\"https:\\\/\\\/schema.org\",\"@graph\":[{\"@type\":\"WebPage\",\"@id\":\"https:\\\/\\\/about-sxm.com\\\/en\\\/listings-list-with-map\\\/\",\"url\":\"https:\\\/\\\/about-sxm.com\\\/en\\\/listings-list-with-map\\\/\",\"name\":\"List of Establishments in Saint-Martin | Interactive Map About SXM\",\"isPartOf\":{\"@id\":\"https:\\\/\\\/about-sxm.com\\\/en\\\/#website\"},\"datePublished\":\"2020-10-01T19:01:36+00:00\",\"description\":\"Find the best establishments in St. Martin with our list and interactive map on About SXM. Easily explore attractions, restaurants, hotels and more for a memorable stay.\",\"breadcrumb\":{\"@id\":\"https:\\\/\\\/about-sxm.com\\\/en\\\/listings-list-with-map\\\/#breadcrumb\"},\"inLanguage\":\"en-US\",\"potentialAction\":[{\"@type\":\"ReadAction\",\"target\":[\"https:\\\/\\\/about-sxm.com\\\/en\\\/listings-list-with-map\\\/\"]}]},{\"@type\":\"BreadcrumbList\",\"@id\":\"https:\\\/\\\/about-sxm.com\\\/en\\\/listings-list-with-map\\\/#breadcrumb\",\"itemListElement\":[{\"@type\":\"ListItem\",\"position\":1,\"name\":\"Accueil\",\"item\":\"https:\\\/\\\/about-sxm.com\\\/en\\\/\"},{\"@type\":\"ListItem\",\"position\":2,\"name\":\"Listings &#8211; List With Map\"}]},{\"@type\":\"WebSite\",\"@id\":\"https:\\\/\\\/about-sxm.com\\\/en\\\/#website\",\"url\":\"https:\\\/\\\/about-sxm.com\\\/en\\\/\",\"name\":\"About SXM\",\"description\":\"Tout savoir sur Saint Martin et Sint Maarten, planifier vos vacances sur la friendly island, organiser votre s\u00e9jour, vos h\u00e9bergements, vos loisirs et activit\u00e9s,\",\"publisher\":{\"@id\":\"https:\\\/\\\/about-sxm.com\\\/en\\\/#organization\"},\"potentialAction\":[{\"@type\":\"SearchAction\",\"target\":{\"@type\":\"EntryPoint\",\"urlTemplate\":\"https:\\\/\\\/about-sxm.com\\\/en\\\/?s={search_term_string}\"},\"query-input\":{\"@type\":\"PropertyValueSpecification\",\"valueRequired\":true,\"valueName\":\"search_term_string\"}}],\"inLanguage\":\"en-US\"},{\"@type\":\"Organization\",\"@id\":\"https:\\\/\\\/about-sxm.com\\\/en\\\/#organization\",\"name\":\"About SXM\",\"url\":\"https:\\\/\\\/about-sxm.com\\\/en\\\/\",\"logo\":{\"@type\":\"ImageObject\",\"inLanguage\":\"en-US\",\"@id\":\"https:\\\/\\\/about-sxm.com\\\/en\\\/#\\\/schema\\\/logo\\\/image\\\/\",\"url\":\"https:\\\/\\\/about-sxm.com\\\/wp-content\\\/uploads\\\/2020\\\/09\\\/logo.png\",\"contentUrl\":\"https:\\\/\\\/about-sxm.com\\\/wp-content\\\/uploads\\\/2020\\\/09\\\/logo.png\",\"width\":291,\"height\":86,\"caption\":\"About SXM\"},\"image\":{\"@id\":\"https:\\\/\\\/about-sxm.com\\\/en\\\/#\\\/schema\\\/logo\\\/image\\\/\"},\"sameAs\":[\"https:\\\/\\\/www.facebook.com\\\/about.sxm\\\/\",\"https:\\\/\\\/www.instagram.com\\\/about.sxm\\\/\"]}]}<\/script>\n<!-- \/ Yoast SEO plugin. -->","yoast_head_json":{"title":"List of Establishments in Saint-Martin | Interactive Map About SXM","description":"Find the best establishments in St. Martin with our list and interactive map on About SXM. Easily explore attractions, restaurants, hotels and more for a memorable stay.","robots":{"index":"index","follow":"follow","max-snippet":"max-snippet:-1","max-image-preview":"max-image-preview:large","max-video-preview":"max-video-preview:-1"},"canonical":"https:\/\/about-sxm.com\/en\/listings-list-with-map\/","og_locale":"en_US","og_type":"article","og_title":"List of Establishments in Saint-Martin | Interactive Map About SXM","og_description":"Find the best establishments in St. Martin with our list and interactive map on About SXM. Easily explore attractions, restaurants, hotels and more for a memorable stay.","og_url":"https:\/\/about-sxm.com\/en\/listings-list-with-map\/","og_site_name":"About SXM","article_publisher":"https:\/\/www.facebook.com\/about.sxm\/","og_image":[{"width":291,"height":86,"url":"https:\/\/about-sxm.com\/wp-content\/uploads\/2020\/09\/logo.png","type":"image\/png"}],"twitter_card":"summary_large_image","twitter_title":"List of Establishments in Saint-Martin | Interactive Map About SXM","twitter_description":"Find the best establishments in St. Martin with our list and interactive map on About SXM. Easily explore attractions, restaurants, hotels and more for a memorable stay.","schema":{"@context":"https:\/\/schema.org","@graph":[{"@type":"WebPage","@id":"https:\/\/about-sxm.com\/en\/listings-list-with-map\/","url":"https:\/\/about-sxm.com\/en\/listings-list-with-map\/","name":"List of Establishments in Saint-Martin | Interactive Map About SXM","isPartOf":{"@id":"https:\/\/about-sxm.com\/en\/#website"},"datePublished":"2020-10-01T19:01:36+00:00","description":"Find the best establishments in St. Martin with our list and interactive map on About SXM. Easily explore attractions, restaurants, hotels and more for a memorable stay.","breadcrumb":{"@id":"https:\/\/about-sxm.com\/en\/listings-list-with-map\/#breadcrumb"},"inLanguage":"en-US","potentialAction":[{"@type":"ReadAction","target":["https:\/\/about-sxm.com\/en\/listings-list-with-map\/"]}]},{"@type":"BreadcrumbList","@id":"https:\/\/about-sxm.com\/en\/listings-list-with-map\/#breadcrumb","itemListElement":[{"@type":"ListItem","position":1,"name":"Accueil","item":"https:\/\/about-sxm.com\/en\/"},{"@type":"ListItem","position":2,"name":"Listings &#8211; List With Map"}]},{"@type":"WebSite","@id":"https:\/\/about-sxm.com\/en\/#website","url":"https:\/\/about-sxm.com\/en\/","name":"About SXM","description":"Tout savoir sur Saint Martin et Sint Maarten, planifier vos vacances sur la friendly island, organiser votre s\u00e9jour, vos h\u00e9bergements, vos loisirs et activit\u00e9s,","publisher":{"@id":"https:\/\/about-sxm.com\/en\/#organization"},"potentialAction":[{"@type":"SearchAction","target":{"@type":"EntryPoint","urlTemplate":"https:\/\/about-sxm.com\/en\/?s={search_term_string}"},"query-input":{"@type":"PropertyValueSpecification","valueRequired":true,"valueName":"search_term_string"}}],"inLanguage":"en-US"},{"@type":"Organization","@id":"https:\/\/about-sxm.com\/en\/#organization","name":"About SXM","url":"https:\/\/about-sxm.com\/en\/","logo":{"@type":"ImageObject","inLanguage":"en-US","@id":"https:\/\/about-sxm.com\/en\/#\/schema\/logo\/image\/","url":"https:\/\/about-sxm.com\/wp-content\/uploads\/2020\/09\/logo.png","contentUrl":"https:\/\/about-sxm.com\/wp-content\/uploads\/2020\/09\/logo.png","width":291,"height":86,"caption":"About SXM"},"image":{"@id":"https:\/\/about-sxm.com\/en\/#\/schema\/logo\/image\/"},"sameAs":["https:\/\/www.facebook.com\/about.sxm\/","https:\/\/www.instagram.com\/about.sxm\/"]}]}},"_links":{"self":[{"href":"https:\/\/about-sxm.com\/en\/wp-json\/wp\/v2\/pages\/2156","targetHints":{"allow":["GET"]}}],"collection":[{"href":"https:\/\/about-sxm.com\/en\/wp-json\/wp\/v2\/pages"}],"about":[{"href":"https:\/\/about-sxm.com\/en\/wp-json\/wp\/v2\/types\/page"}],"author":[{"embeddable":true,"href":"https:\/\/about-sxm.com\/en\/wp-json\/wp\/v2\/users\/1"}],"replies":[{"embeddable":true,"href":"https:\/\/about-sxm.com\/en\/wp-json\/wp\/v2\/comments?post=2156"}],"version-history":[{"count":0,"href":"https:\/\/about-sxm.com\/en\/wp-json\/wp\/v2\/pages\/2156\/revisions"}],"wp:attachment":[{"href":"https:\/\/about-sxm.com\/en\/wp-json\/wp\/v2\/media?parent=2156"}],"curies":[{"name":"wp","href":"https:\/\/api.w.org\/{rel}","templated":true}]}}