{"id":2159,"date":"2020-10-20T14:00:54","date_gmt":"2020-10-20T18:00:54","guid":{"rendered":"https:\/\/about-sxm.com\/contact\/"},"modified":"2023-03-22T22:48:24","modified_gmt":"2023-03-23T02:48:24","slug":"contact","status":"publish","type":"page","link":"https:\/\/about-sxm.com\/en\/contact\/","title":{"rendered":"Contact"},"content":{"rendered":"\t\t<div data-elementor-type=\"wp-page\" data-elementor-id=\"2159\" class=\"elementor elementor-2159 elementor-883\">\n\t\t\t\t\t\t<section class=\"elementor-section elementor-top-section elementor-element elementor-element-fe5986b elementor-section-boxed elementor-section-height-default elementor-section-height-default row-top\" data-id=\"fe5986b\" data-element_type=\"section\" data-e-type=\"section\">\n\t\t\t\t\t\t<div class=\"elementor-container elementor-column-gap-default\">\n\t\t\t\t\t<div class=\"elementor-column elementor-col-50 elementor-top-column elementor-element elementor-element-69d316a column-style-top\" data-id=\"69d316a\" data-element_type=\"column\" data-e-type=\"column\">\n\t\t\t<div class=\"elementor-widget-wrap elementor-element-populated\">\n\t\t\t\t\t\t<div class=\"elementor-element elementor-element-2963882 elementor-widget elementor-widget-gva-heading-block\" data-id=\"2963882\" data-element_type=\"widget\" data-e-type=\"widget\" data-widget_type=\"gva-heading-block.default\">\n\t\t\t\t<div class=\"elementor-widget-container\">\n\t\t\t\t\t<div class=\"gva-element-gva-heading-block gva-element\">   <div class=\"align-left style-1 widget gsc-heading box-align-left\">\r\n      <div class=\"content-inner\">\r\n         \r\n                  \r\n                     <div class=\"clearfix\"><div class=\"sub-title\"><span>FCONTACT FORM<\/span><\/div><\/div>\r\n           \r\n         \r\n                     <h2 class=\"title\">\r\n               <span>How can we help you?<\/span>\r\n            <\/h2>\r\n                              <div class=\"title-desc\">You want to add your service, business or activity, contact us via the form with as much information as possible (address, description, contact information, hours, etc...) to process your request.<\/div>\r\n         \r\n         \r\n      <\/div>\r\n   <\/div>\r\n   <div class=\"clearfix\"><\/div>\r\n<\/div>\t\t\t\t<\/div>\n\t\t\t\t<\/div>\n\t\t\t\t<div class=\"elementor-element elementor-element-4dacd46 elementor-shape-circle e-grid-align-left elementor-grid-0 elementor-widget elementor-widget-social-icons\" data-id=\"4dacd46\" data-element_type=\"widget\" data-e-type=\"widget\" data-widget_type=\"social-icons.default\">\n\t\t\t\t<div class=\"elementor-widget-container\">\n\t\t\t\t\t\t\t<div class=\"elementor-social-icons-wrapper elementor-grid\" role=\"list\">\n\t\t\t\t\t\t\t<span class=\"elementor-grid-item\" role=\"listitem\">\n\t\t\t\t\t<a class=\"elementor-icon elementor-social-icon elementor-social-icon-facebook-square elementor-repeater-item-41f2014\" href=\"https:\/\/www.facebook.com\/about.sxm\/\" target=\"_blank\">\n\t\t\t\t\t\t<span class=\"elementor-screen-only\">Facebook-square<\/span>\n\t\t\t\t\t\t<i aria-hidden=\"true\" class=\"fab fa-facebook-square\"><\/i>\t\t\t\t\t<\/a>\n\t\t\t\t<\/span>\n\t\t\t\t\t\t\t<span class=\"elementor-grid-item\" role=\"listitem\">\n\t\t\t\t\t<a class=\"elementor-icon elementor-social-icon elementor-social-icon-instagram elementor-repeater-item-7a25ce9\" href=\"https:\/\/www.instagram.com\/about.sxm\/\" target=\"_blank\">\n\t\t\t\t\t\t<span class=\"elementor-screen-only\">Instagram<\/span>\n\t\t\t\t\t\t<i aria-hidden=\"true\" class=\"fab fa-instagram\"><\/i>\t\t\t\t\t<\/a>\n\t\t\t\t<\/span>\n\t\t\t\t\t<\/div>\n\t\t\t\t\t\t<\/div>\n\t\t\t\t<\/div>\n\t\t\t\t\t<\/div>\n\t\t<\/div>\n\t\t\t\t<div class=\"elementor-column elementor-col-50 elementor-top-column elementor-element elementor-element-501c6f8 column-style-top\" data-id=\"501c6f8\" data-element_type=\"column\" data-e-type=\"column\">\n\t\t\t<div class=\"elementor-widget-wrap elementor-element-populated\">\n\t\t\t\t\t\t<div class=\"elementor-element elementor-element-d2eab55 elementor-widget elementor-widget-shortcode\" data-id=\"d2eab55\" data-element_type=\"widget\" data-e-type=\"widget\" data-widget_type=\"shortcode.default\">\n\t\t\t\t<div class=\"elementor-widget-container\">\n\t\t\t\t\t\t\t<div class=\"elementor-shortcode\">\n          \n<div class=\"wpcf7 no-js\" id=\"wpcf7-f2208-o1\" lang=\"en-US\" dir=\"ltr\" data-wpcf7-id=\"2208\">\n<div class=\"screen-reader-response\"><p role=\"status\" aria-live=\"polite\" aria-atomic=\"true\"><\/p> <ul><\/ul><\/div>\n<form action=\"\/en\/wp-json\/wp\/v2\/pages\/2159#wpcf7-f2208-o1\" method=\"post\" class=\"wpcf7-form init\" aria-label=\"Contact form\" novalidate=\"novalidate\" data-status=\"init\">\n<fieldset class=\"hidden-fields-container\"><input type=\"hidden\" name=\"_wpcf7\" value=\"2208\" \/><input type=\"hidden\" name=\"_wpcf7_version\" value=\"6.1.5\" \/><input type=\"hidden\" name=\"_wpcf7_locale\" value=\"en_US\" \/><input type=\"hidden\" name=\"_wpcf7_unit_tag\" value=\"wpcf7-f2208-o1\" \/><input type=\"hidden\" name=\"_wpcf7_container_post\" value=\"0\" \/><input type=\"hidden\" name=\"_wpcf7_posted_data_hash\" value=\"\" \/>\n<\/fieldset>\n<div class=\"wpcf7-turnstile cf-turnstile\" data-sitekey=\"0x4AAAAAABnTIBQpgHmftQKm\" data-response-field-name=\"_wpcf7_turnstile_response\"><\/div>\n\n<div class=\"row\">\n\t<div class=\"col-sm-6 col-xs-12\">\n\t\t<p><span class=\"wpcf7-form-control-wrap\" data-name=\"text-81\"><input size=\"40\" maxlength=\"400\" class=\"wpcf7-form-control wpcf7-text wpcf7-validates-as-required\" aria-required=\"true\" aria-invalid=\"false\" placeholder=\"Your Name *\" value=\"\" type=\"text\" name=\"text-81\" \/><\/span>\n\t\t<\/p>\n\t<\/div>\n\t<div class=\"col-sm-6 col-xs-12\">\n\t\t<p><span class=\"wpcf7-form-control-wrap\" data-name=\"email-35\"><input size=\"40\" maxlength=\"400\" class=\"wpcf7-form-control wpcf7-email wpcf7-validates-as-required wpcf7-text wpcf7-validates-as-email\" aria-required=\"true\" aria-invalid=\"false\" placeholder=\"Your Email *\" value=\"\" type=\"email\" name=\"email-35\" \/><\/span>\n\t\t<\/p>\n\t<\/div>\n<\/div>\n<div class=\"row\">\n\t<div class=\"col-sm-12 col-xs-12\">\n\t\t<p><span class=\"wpcf7-form-control-wrap\" data-name=\"text-83\"><input size=\"40\" maxlength=\"400\" class=\"wpcf7-form-control wpcf7-text\" aria-invalid=\"false\" placeholder=\"Your Subject\" value=\"\" type=\"text\" name=\"text-83\" \/><\/span>\n\t\t<\/p>\n\t<\/div>\n<\/div>\n<div class=\"row\">\n\t<div class=\"col-sm-12 col-xs-12\">\n\t\t<p><span class=\"wpcf7-form-control-wrap\" data-name=\"textarea-812\"><textarea cols=\"40\" rows=\"4\" maxlength=\"2000\" class=\"wpcf7-form-control wpcf7-textarea\" aria-invalid=\"false\" placeholder=\"Your message\" name=\"textarea-812\"><\/textarea><\/span>\n\t\t<\/p>\n\t<\/div>\n\t<div class=\"col-sm-12 col-xs-12 action text-left\">\n\t\t<p><span class=\"btn-theme-2 form-action\"><input class=\"wpcf7-form-control wpcf7-submit has-spinner\" type=\"submit\" value=\"Send Message\" \/><\/span>\n\t\t<\/p>\n\t<\/div>\n<\/div><p style=\"display: none !important;\" class=\"akismet-fields-container\" data-prefix=\"_wpcf7_ak_\"><label>&#916;<textarea name=\"_wpcf7_ak_hp_textarea\" cols=\"45\" rows=\"8\" maxlength=\"100\"><\/textarea><\/label><input type=\"hidden\" id=\"ak_js_1\" name=\"_wpcf7_ak_js\" value=\"238\"\/><script>document.getElementById( \"ak_js_1\" ).setAttribute( \"value\", ( new Date() ).getTime() );<\/script><\/p><div class=\"wpcf7-response-output\" aria-hidden=\"true\"><\/div>\n<\/form>\n<\/div>\n\n        <\/div>\n\t\t\t\t\t\t<\/div>\n\t\t\t\t<\/div>\n\t\t\t\t\t<\/div>\n\t\t<\/div>\n\t\t\t\t\t<\/div>\n\t\t<\/section>\n\t\t\t\t<\/div>\n\t\t","protected":false},"excerpt":{"rendered":"<p>FCONTACT FORM How can we help you? You want to add your service, business or activity, contact us via the form with as much information as possible (address, description, contact [&hellip;]<\/p>\n","protected":false},"author":1,"featured_media":0,"parent":0,"menu_order":0,"comment_status":"closed","ping_status":"closed","template":"","meta":{"footnotes":""},"class_list":["post-2159","page","type-page","status-publish","hentry"],"yoast_head":"<!-- This site is optimized with the Yoast SEO plugin v27.3 - https:\/\/yoast.com\/product\/yoast-seo-wordpress\/ -->\n<title>Contact - About SXM<\/title>\n<meta name=\"robots\" content=\"index, follow, max-snippet:-1, max-image-preview:large, max-video-preview:-1\" \/>\n<link rel=\"canonical\" href=\"https:\/\/about-sxm.com\/en\/contact\/\" \/>\n<meta property=\"og:locale\" content=\"en_US\" \/>\n<meta property=\"og:type\" content=\"article\" \/>\n<meta property=\"og:title\" content=\"Contact - About SXM\" \/>\n<meta property=\"og:description\" content=\"FCONTACT FORM How can we help you? You want to add your service, business or activity, contact us via the form with as much information as possible (address, description, contact [&hellip;]\" \/>\n<meta property=\"og:url\" content=\"https:\/\/about-sxm.com\/en\/contact\/\" \/>\n<meta property=\"og:site_name\" content=\"About SXM\" \/>\n<meta property=\"article:publisher\" content=\"https:\/\/www.facebook.com\/about.sxm\/\" \/>\n<meta property=\"article:modified_time\" content=\"2023-03-23T02:48:24+00:00\" \/>\n<meta property=\"og:image\" content=\"https:\/\/about-sxm.com\/wp-content\/uploads\/2020\/09\/logo.png\" \/>\n\t<meta property=\"og:image:width\" content=\"291\" \/>\n\t<meta property=\"og:image:height\" content=\"86\" \/>\n\t<meta property=\"og:image:type\" content=\"image\/png\" \/>\n<meta name=\"twitter:card\" content=\"summary_large_image\" \/>\n<meta name=\"twitter:label1\" content=\"Est. reading time\" \/>\n\t<meta name=\"twitter:data1\" content=\"1 minute\" \/>\n<script type=\"application\/ld+json\" class=\"yoast-schema-graph\">{\"@context\":\"https:\\\/\\\/schema.org\",\"@graph\":[{\"@type\":\"WebPage\",\"@id\":\"https:\\\/\\\/about-sxm.com\\\/en\\\/contact\\\/\",\"url\":\"https:\\\/\\\/about-sxm.com\\\/en\\\/contact\\\/\",\"name\":\"Contact - About SXM\",\"isPartOf\":{\"@id\":\"https:\\\/\\\/about-sxm.com\\\/en\\\/#website\"},\"datePublished\":\"2020-10-20T18:00:54+00:00\",\"dateModified\":\"2023-03-23T02:48:24+00:00\",\"breadcrumb\":{\"@id\":\"https:\\\/\\\/about-sxm.com\\\/en\\\/contact\\\/#breadcrumb\"},\"inLanguage\":\"en-US\",\"potentialAction\":[{\"@type\":\"ReadAction\",\"target\":[\"https:\\\/\\\/about-sxm.com\\\/en\\\/contact\\\/\"]}]},{\"@type\":\"BreadcrumbList\",\"@id\":\"https:\\\/\\\/about-sxm.com\\\/en\\\/contact\\\/#breadcrumb\",\"itemListElement\":[{\"@type\":\"ListItem\",\"position\":1,\"name\":\"Accueil\",\"item\":\"https:\\\/\\\/about-sxm.com\\\/en\\\/\"},{\"@type\":\"ListItem\",\"position\":2,\"name\":\"Contact\"}]},{\"@type\":\"WebSite\",\"@id\":\"https:\\\/\\\/about-sxm.com\\\/en\\\/#website\",\"url\":\"https:\\\/\\\/about-sxm.com\\\/en\\\/\",\"name\":\"About SXM\",\"description\":\"Tout savoir sur Saint Martin et Sint Maarten, planifier vos vacances sur la friendly island, organiser votre s\u00e9jour, vos h\u00e9bergements, vos loisirs et activit\u00e9s,\",\"publisher\":{\"@id\":\"https:\\\/\\\/about-sxm.com\\\/en\\\/#organization\"},\"potentialAction\":[{\"@type\":\"SearchAction\",\"target\":{\"@type\":\"EntryPoint\",\"urlTemplate\":\"https:\\\/\\\/about-sxm.com\\\/en\\\/?s={search_term_string}\"},\"query-input\":{\"@type\":\"PropertyValueSpecification\",\"valueRequired\":true,\"valueName\":\"search_term_string\"}}],\"inLanguage\":\"en-US\"},{\"@type\":\"Organization\",\"@id\":\"https:\\\/\\\/about-sxm.com\\\/en\\\/#organization\",\"name\":\"About SXM\",\"url\":\"https:\\\/\\\/about-sxm.com\\\/en\\\/\",\"logo\":{\"@type\":\"ImageObject\",\"inLanguage\":\"en-US\",\"@id\":\"https:\\\/\\\/about-sxm.com\\\/en\\\/#\\\/schema\\\/logo\\\/image\\\/\",\"url\":\"https:\\\/\\\/about-sxm.com\\\/wp-content\\\/uploads\\\/2020\\\/09\\\/logo.png\",\"contentUrl\":\"https:\\\/\\\/about-sxm.com\\\/wp-content\\\/uploads\\\/2020\\\/09\\\/logo.png\",\"width\":291,\"height\":86,\"caption\":\"About SXM\"},\"image\":{\"@id\":\"https:\\\/\\\/about-sxm.com\\\/en\\\/#\\\/schema\\\/logo\\\/image\\\/\"},\"sameAs\":[\"https:\\\/\\\/www.facebook.com\\\/about.sxm\\\/\",\"https:\\\/\\\/www.instagram.com\\\/about.sxm\\\/\"]}]}<\/script>\n<!-- \/ Yoast SEO plugin. -->","yoast_head_json":{"title":"Contact - About SXM","robots":{"index":"index","follow":"follow","max-snippet":"max-snippet:-1","max-image-preview":"max-image-preview:large","max-video-preview":"max-video-preview:-1"},"canonical":"https:\/\/about-sxm.com\/en\/contact\/","og_locale":"en_US","og_type":"article","og_title":"Contact - About SXM","og_description":"FCONTACT FORM How can we help you? You want to add your service, business or activity, contact us via the form with as much information as possible (address, description, contact [&hellip;]","og_url":"https:\/\/about-sxm.com\/en\/contact\/","og_site_name":"About SXM","article_publisher":"https:\/\/www.facebook.com\/about.sxm\/","article_modified_time":"2023-03-23T02:48:24+00:00","og_image":[{"width":291,"height":86,"url":"https:\/\/about-sxm.com\/wp-content\/uploads\/2020\/09\/logo.png","type":"image\/png"}],"twitter_card":"summary_large_image","twitter_misc":{"Est. reading time":"1 minute"},"schema":{"@context":"https:\/\/schema.org","@graph":[{"@type":"WebPage","@id":"https:\/\/about-sxm.com\/en\/contact\/","url":"https:\/\/about-sxm.com\/en\/contact\/","name":"Contact - About SXM","isPartOf":{"@id":"https:\/\/about-sxm.com\/en\/#website"},"datePublished":"2020-10-20T18:00:54+00:00","dateModified":"2023-03-23T02:48:24+00:00","breadcrumb":{"@id":"https:\/\/about-sxm.com\/en\/contact\/#breadcrumb"},"inLanguage":"en-US","potentialAction":[{"@type":"ReadAction","target":["https:\/\/about-sxm.com\/en\/contact\/"]}]},{"@type":"BreadcrumbList","@id":"https:\/\/about-sxm.com\/en\/contact\/#breadcrumb","itemListElement":[{"@type":"ListItem","position":1,"name":"Accueil","item":"https:\/\/about-sxm.com\/en\/"},{"@type":"ListItem","position":2,"name":"Contact"}]},{"@type":"WebSite","@id":"https:\/\/about-sxm.com\/en\/#website","url":"https:\/\/about-sxm.com\/en\/","name":"About SXM","description":"Tout savoir sur Saint Martin et Sint Maarten, planifier vos vacances sur la friendly island, organiser votre s\u00e9jour, vos h\u00e9bergements, vos loisirs et activit\u00e9s,","publisher":{"@id":"https:\/\/about-sxm.com\/en\/#organization"},"potentialAction":[{"@type":"SearchAction","target":{"@type":"EntryPoint","urlTemplate":"https:\/\/about-sxm.com\/en\/?s={search_term_string}"},"query-input":{"@type":"PropertyValueSpecification","valueRequired":true,"valueName":"search_term_string"}}],"inLanguage":"en-US"},{"@type":"Organization","@id":"https:\/\/about-sxm.com\/en\/#organization","name":"About SXM","url":"https:\/\/about-sxm.com\/en\/","logo":{"@type":"ImageObject","inLanguage":"en-US","@id":"https:\/\/about-sxm.com\/en\/#\/schema\/logo\/image\/","url":"https:\/\/about-sxm.com\/wp-content\/uploads\/2020\/09\/logo.png","contentUrl":"https:\/\/about-sxm.com\/wp-content\/uploads\/2020\/09\/logo.png","width":291,"height":86,"caption":"About SXM"},"image":{"@id":"https:\/\/about-sxm.com\/en\/#\/schema\/logo\/image\/"},"sameAs":["https:\/\/www.facebook.com\/about.sxm\/","https:\/\/www.instagram.com\/about.sxm\/"]}]}},"_links":{"self":[{"href":"https:\/\/about-sxm.com\/en\/wp-json\/wp\/v2\/pages\/2159","targetHints":{"allow":["GET"]}}],"collection":[{"href":"https:\/\/about-sxm.com\/en\/wp-json\/wp\/v2\/pages"}],"about":[{"href":"https:\/\/about-sxm.com\/en\/wp-json\/wp\/v2\/types\/page"}],"author":[{"embeddable":true,"href":"https:\/\/about-sxm.com\/en\/wp-json\/wp\/v2\/users\/1"}],"replies":[{"embeddable":true,"href":"https:\/\/about-sxm.com\/en\/wp-json\/wp\/v2\/comments?post=2159"}],"version-history":[{"count":7,"href":"https:\/\/about-sxm.com\/en\/wp-json\/wp\/v2\/pages\/2159\/revisions"}],"predecessor-version":[{"id":2295,"href":"https:\/\/about-sxm.com\/en\/wp-json\/wp\/v2\/pages\/2159\/revisions\/2295"}],"wp:attachment":[{"href":"https:\/\/about-sxm.com\/en\/wp-json\/wp\/v2\/media?parent=2159"}],"curies":[{"name":"wp","href":"https:\/\/api.w.org\/{rel}","templated":true}]}}